{"id":21,"date":"2020-07-24T15:11:04","date_gmt":"2020-07-24T13:11:04","guid":{"rendered":"https:\/\/www.mehmetbaslar.com\/?page_id=21"},"modified":"2020-07-27T10:57:10","modified_gmt":"2020-07-27T08:57:10","slug":"projeler","status":"publish","type":"page","link":"https:\/\/www.mehmetbaslar.com\/?page_id=21","title":{"rendered":"Projeler"},"content":{"rendered":"<p>[vc_row][vc_column]<h2 class=\"fac-title text-center\" style=\"color:#4b4b4b\">Projeler<\/h2>\n<ul class=\"ul-dates \">\n\t\t\t<li class=\"\">\n\t\t\t\t<div class=\"dates\"><span>2016<\/span><span>2015<\/span><\/div>\n\t\t\t\t<div class=\"content\"><h4>\u015ealgam suyu \u00fcretim teknolojisinde yeni bir y\u00f6ntem olarak ultrason ve ultraviyole i\u015flemlerinin kullan\u0131m olanaklar\u0131n\u0131n belirlenmesi<\/h4><p>T\u00dcB\u0130TAK Projesi (TOVAG-214O417). G\u00f6revi: Proje Y\u00fcr\u00fct\u00fcc\u00fcs\u00fc.<\/p><\/div>\n\t\t\t<\/li>\n\t\t\t<li class=\"\">\n\t\t\t\t<div class=\"dates\"><span>2015<\/span><span>2013<\/span><\/div>\n\t\t\t\t<div class=\"content\"><h4>Sebzelerin mikrobiyal ve pestisit g\u00fcvenli\u011finin sa\u011flanmas\u0131nda ultrases ve d\u00fc\u015f\u00fck \u015fiddet elektrik ak\u0131m\u0131n\u0131n birlikte kullan\u0131lma olanaklar\u0131n\u0131n belirlenmesi<\/h4><p>T\u00dcB\u0130TAK Projesi (TOVAG-113O448). Proje Y\u00fcr\u00fct\u00fcc\u00fcs\u00fc: Mehmet Ba\u015flar<\/p><\/div>\n\t\t\t<\/li>\n\t\t\t<li class=\"\">\n\t\t\t\t<div class=\"dates\"><span>2014<\/span><span>2012<\/span><\/div>\n\t\t\t\t<div class=\"content\"><h4>Vakumlu ortamda ultrases yard\u0131m\u0131yla etlerin kurutulmas\u0131<\/h4><p>YT\u00dc BAP Projesi, Proje Y\u00fcr\u00fct\u00fcc\u00fcs\u00fc: Mehmet Ba\u015flar<\/p><\/div>\n\t\t\t<\/li>\n\t\t\t<li class=\"\">\n\t\t\t\t<div class=\"dates\"><span>2014<\/span><span>2013<\/span><\/div>\n\t\t\t\t<div class=\"content\"><h4>Ultrases i\u015fleminin erik nektar\u0131n\u0131n raf \u00f6mr\u00fc ve kalite \u00f6zellikleri \u00fczerine etkisi<\/h4><p>YT\u00dc BAP Projesi, Proje Y\u00fcr\u00fct\u00fcc\u00fcs\u00fc: Mehmet Ba\u015flar<\/p><\/div>\n\t\t\t<\/li>\n\t\t\t<li class=\"\">\n\t\t\t\t<div class=\"dates\"><span>2016<\/span><span>2015<\/span><\/div>\n\t\t\t\t<div class=\"content\"><h4>S\u00fcrekli sistemde ultrases uygulamas\u0131n\u0131n elma suyunun raf \u00f6mr\u00fc ve kalite \u00f6zellikleri \u00fczerine etkisi<\/h4><p>YT\u00dc BAP Projesi, Proje Y\u00fcr\u00fct\u00fcc\u00fcs\u00fc: Mehmet Ba\u015flar<\/p><\/div>\n\t\t\t<\/li>\n\t\t\t<li class=\"\">\n\t\t\t\t<div class=\"dates\"><span>2015<\/span><span>2013<\/span><\/div>\n\t\t\t\t<div class=\"content\"><h4>Lale ta\u00e7 yapraklar\u0131ndan pilot \u00f6l\u00e7ekli g\u0131da boyas\u0131 \u00fcretim optimizasyonu, T\u00dcB\u0130TAK Projesi<\/h4><p>T\u00dcB\u0130TAK Projesi (TEYDEP -5130023), G\u00f6revi: Ara\u015ft\u0131rmac\u0131<\/p><\/div>\n\t\t\t<\/li>\n\t\t\t<li class=\"\">\n\t\t\t\t<div class=\"dates\"><span>2016<\/span><span>2014<\/span><\/div>\n\t\t\t\t<div class=\"content\"><h4>Fonksiyonel bir bile\u015fen olarak g\u00f6levez (Colocasia Esculenta L.Schott) ununun f\u0131r\u0131nc\u0131l\u0131k \u00fcr\u00fcnlerinde kullan\u0131m\u0131<\/h4><p>T\u00dcB\u0130TAK Projesi (TOVAG-114O391). G\u00f6revi: Ara\u015ft\u0131rmac\u0131<\/p><\/div>\n\t\t\t<\/li>\n\t\t\t<li class=\"\">\n\t\t\t\t<div class=\"dates\"><span>2011<\/span><span>2009<\/span><\/div>\n\t\t\t\t<div class=\"content\"><h4>Bulan\u0131k elma sular\u0131ndaki polifenol oksidaz (PPO) enziminin \u0131s\u0131l olmayan fotosonikasyon y\u00f6ntemiyle inaktivasyonu<\/h4><p>Atat\u00fcrk \u00dcniversitesi BAP Projesi, G\u00f6revi: Ara\u015ft\u0131rmac\u0131<\/p><\/div>\n\t\t\t<\/li>\n\t\t\t<li class=\"\">\n\t\t\t\t<div class=\"dates\"><span>2008<\/span><span>2007<\/span><\/div>\n\t\t\t\t<div class=\"content\"><h4>Ekmeklik bu\u011fday unlar\u0131n\u0131n \u00f6zelliklerinin near infrared spektroskopisi (NIR) ile belirlenmesi<\/h4><p>Atat\u00fcrk \u00dcniversitesi BAP Projesi, G\u00f6revi: Ara\u015ft\u0131rmac\u0131<\/p><\/div>\n\t\t\t<\/li>\n\t\t\t<li class=\"\">\n\t\t\t\t<div class=\"dates\"><span>2015<\/span><span>2015<\/span><\/div>\n\t\t\t\t<div class=\"content\"><h4>G\u0131da m\u00fchendisli\u011fi ve ilgili alanlara y\u00f6nelik disiplinler aras\u0131 T\u00dcB\u0130TAK projesi haz\u0131rlama<\/h4><p>T\u00dcB\u0130TAK Projesi (B\u0130DEP), G\u00f6revi: Uzman E\u011fitmen<\/p><\/div>\n\t\t\t<\/li><\/ul>[\/vc_column][\/vc_row]<\/p>\n","protected":false},"excerpt":{"rendered":"<p>[vc_row][vc_column][\/vc_column][\/vc_row]<\/p>\n","protected":false},"author":1,"featured_media":0,"parent":0,"menu_order":0,"comment_status":"closed","ping_status":"closed","template":"","meta":{"footnotes":""},"_links":{"self":[{"href":"https:\/\/www.mehmetbaslar.com\/index.php?rest_route=\/wp\/v2\/pages\/21"}],"collection":[{"href":"https:\/\/www.mehmetbaslar.com\/index.php?rest_route=\/wp\/v2\/pages"}],"about":[{"href":"https:\/\/www.mehmetbaslar.com\/index.php?rest_route=\/wp\/v2\/types\/page"}],"author":[{"embeddable":true,"href":"https:\/\/www.mehmetbaslar.com\/index.php?rest_route=\/wp\/v2\/users\/1"}],"replies":[{"embeddable":true,"href":"https:\/\/www.mehmetbaslar.com\/index.php?rest_route=%2Fwp%2Fv2%2Fcomments&post=21"}],"version-history":[{"count":9,"href":"https:\/\/www.mehmetbaslar.com\/index.php?rest_route=\/wp\/v2\/pages\/21\/revisions"}],"predecessor-version":[{"id":711,"href":"https:\/\/www.mehmetbaslar.com\/index.php?rest_route=\/wp\/v2\/pages\/21\/revisions\/711"}],"wp:attachment":[{"href":"https:\/\/www.mehmetbaslar.com\/index.php?rest_route=%2Fwp%2Fv2%2Fmedia&parent=21"}],"curies":[{"name":"wp","href":"https:\/\/api.w.org\/{rel}","templated":true}]}}