{"id":505,"date":"2013-12-03T22:20:25","date_gmt":"2013-12-03T22:20:25","guid":{"rendered":"http:\/\/localhost\/wp-faculty\/?page_id=25"},"modified":"2023-10-29T09:09:32","modified_gmt":"2023-10-29T07:09:32","slug":"teaching","status":"publish","type":"page","link":"https:\/\/www.mehmetbaslar.com\/?page_id=505","title":{"rendered":"Dersler"},"content":{"rendered":"<p>[vc_row][vc_column]<h2 class=\"fac-title text-center\" style=\"color:#4b4b4b\">Dersler<\/h2>\n<ul class=\"ul-dates \">\n\t\t\t<li class=\"\">\n\t\t\t\t<div class=\"dates\"><span>aktif<\/span><span>2012<\/span><\/div>\n\t\t\t\t<div class=\"content\"><h4>Modern G\u0131da Muhafaza Y\u00f6ntemleri<\/h4><p>Y\u00fcksek Lisans, Doktora<\/p><\/div>\n\t\t\t<\/li>\n\t\t\t<li class=\"\">\n\t\t\t\t<div class=\"dates\"><span>aktif<\/span><span>2013<\/span><\/div>\n\t\t\t\t<div class=\"content\"><h4>Kurutma Teknolojisi<\/h4><p>Y\u00fcksek Lisans, Doktora<\/p><\/div>\n\t\t\t<\/li>\n\t\t\t<li class=\"\">\n\t\t\t\t<div class=\"dates\"><span>aktif<\/span><span>2014<\/span><\/div>\n\t\t\t\t<div class=\"content\"><h4>G\u0131da Muhafaza Y\u00f6ntemleri<\/h4><p>Lisans<\/p><\/div>\n\t\t\t<\/li>\n\t\t\t<li class=\"\">\n\t\t\t\t<div class=\"dates\"><span>aktif<\/span><span>2014<\/span><\/div>\n\t\t\t\t<div class=\"content\"><h4>G\u0131da G\u00fcvenli\u011fi Y\u00f6netim Sistemleri<\/h4><p>Lisans<\/p><\/div>\n\t\t\t<\/li>\n\t\t\t<li class=\"\">\n\t\t\t\t<div class=\"dates\"><span>aktif<\/span><span>2015<\/span><\/div>\n\t\t\t\t<div class=\"content\"><h4>Haz\u0131r Yemek Teknolojisi<\/h4><p>Lisans<\/p><\/div>\n\t\t\t<\/li>\n\t\t\t<li class=\"\">\n\t\t\t\t<div class=\"dates\"><span>aktif<\/span><span>2019<\/span><\/div>\n\t\t\t\t<div class=\"content\"><h4>Toplu Beslenme Sistemleri<\/h4><p>Lisans<\/p><\/div>\n\t\t\t<\/li>\n\t\t\t<li class=\"\">\n\t\t\t\t<div class=\"dates\"><span>aktif<\/span><span>2014<\/span><\/div>\n\t\t\t\t<div class=\"content\"><h4>Meyve ve Sebze \u0130\u015fleme Teknolojisi<\/h4><p>Lisans<\/p><\/div>\n\t\t\t<\/li>\n\t\t\t<li class=\"\">\n\t\t\t\t<div class=\"dates\"><span>aktif<\/span><span>2015<\/span><\/div>\n\t\t\t\t<div class=\"content\"><h4>Tah\u0131l \u00dcr\u00fcnleri \u0130\u015fleme Teknolojisi<\/h4><p>Lisans<\/p><\/div>\n\t\t\t<\/li>\n\t\t\t<li class=\"\">\n\t\t\t\t<div class=\"dates\"><span>aktif<\/span><span>2021<\/span><\/div>\n\t\t\t\t<div class=\"content\"><h4>G\u0131da Bilimi ve Teknolojisi<\/h4><p>Lisans<\/p><\/div>\n\t\t\t<\/li>\n\t\t\t<li class=\"\">\n\t\t\t\t<div class=\"dates\"><span>aktif<\/span><span>2019<\/span><\/div>\n\t\t\t\t<div class=\"content\"><h4>Gastronomiye Giri\u015f<\/h4><p>Lisans<\/p><\/div>\n\t\t\t<\/li>\n\t\t\t<li class=\"\">\n\t\t\t\t<div class=\"dates\"><span>aktif<\/span><span>2021<\/span><\/div>\n\t\t\t\t<div class=\"content\"><h4>\u0130\u015f Eti\u011fi<\/h4><p>Lisans<\/p><\/div>\n\t\t\t<\/li>\n\t\t\t<li class=\"\">\n\t\t\t\t<div class=\"dates\"><span>aktif<\/span><span>2022<\/span><\/div>\n\t\t\t\t<div class=\"content\"><h4>Yiyecek \u0130\u00e7ecek Hizmetleri Y\u00f6netimi<\/h4><p>Lisans<\/p><\/div>\n\t\t\t<\/li><\/ul><ul class=\"ul-dates \"><\/ul>[\/vc_column][\/vc_row]<\/p>\n","protected":false},"excerpt":{"rendered":"<p>[vc_row][vc_column][\/vc_column][\/vc_row]<\/p>\n","protected":false},"author":1,"featured_media":0,"parent":0,"menu_order":3,"comment_status":"open","ping_status":"closed","template":"page-pagebuilder.php","meta":{"footnotes":""},"_links":{"self":[{"href":"https:\/\/www.mehmetbaslar.com\/index.php?rest_route=\/wp\/v2\/pages\/505"}],"collection":[{"href":"https:\/\/www.mehmetbaslar.com\/index.php?rest_route=\/wp\/v2\/pages"}],"about":[{"href":"https:\/\/www.mehmetbaslar.com\/index.php?rest_route=\/wp\/v2\/types\/page"}],"author":[{"embeddable":true,"href":"https:\/\/www.mehmetbaslar.com\/index.php?rest_route=\/wp\/v2\/users\/1"}],"replies":[{"embeddable":true,"href":"https:\/\/www.mehmetbaslar.com\/index.php?rest_route=%2Fwp%2Fv2%2Fcomments&post=505"}],"version-history":[{"count":26,"href":"https:\/\/www.mehmetbaslar.com\/index.php?rest_route=\/wp\/v2\/pages\/505\/revisions"}],"predecessor-version":[{"id":819,"href":"https:\/\/www.mehmetbaslar.com\/index.php?rest_route=\/wp\/v2\/pages\/505\/revisions\/819"}],"wp:attachment":[{"href":"https:\/\/www.mehmetbaslar.com\/index.php?rest_route=%2Fwp%2Fv2%2Fmedia&parent=505"}],"curies":[{"name":"wp","href":"https:\/\/api.w.org\/{rel}","templated":true}]}}