{"id":506,"date":"2013-12-03T22:20:48","date_gmt":"2013-12-03T20:20:48","guid":{"rendered":"http:\/\/localhost\/wp-faculty\/?page_id=27"},"modified":"2022-05-03T12:29:16","modified_gmt":"2022-05-03T10:29:16","slug":"contact","status":"publish","type":"page","link":"https:\/\/www.mehmetbaslar.com\/?page_id=506","title":{"rendered":"\u0130leti\u015fim"},"content":{"rendered":"<p>[vc_row][vc_column]<h1 class=\"fac-big-title fac-title text-left\" style=\"color:#4b4b4b\">\u0130leti\u015fim Bilgileri<\/h1>\n[vc_row_inner][vc_column_inner width=&#8221;2\/3&#8243;][vc_column_text]Merhabalar,<\/p>\n<p>Ara\u015ft\u0131rmalar\u0131n\u0131zda ya da \u015firketiniz i\u00e7in g\u0131da muhafaza, \u0131s\u0131l olmayan g\u0131da muhafaza y\u00f6ntemleri, kurutma veya catering alanlar\u0131nda deste\u011fe ihtiyac\u0131n\u0131z varsa sizinle konu\u015fmaktan memnuniyet duyar\u0131z.<\/p>\n<p>\u0130leti\u015fim bilgilerim a\u015fa\u011f\u0131da yer almaktad\u0131r.[\/vc_column_text][\/vc_column_inner][vc_column_inner width=&#8221;1\/3&#8243;]<ul class=\"list-unstyled\">\n\t\t\t<li class=\"\">\n\t\t\t\t<strong><i class=\"fa fa-phone\"><\/i>&nbsp;&nbsp;<\/strong>\n\t\t\t\t<span>Ofis: 0850 850 27 35 - 1227<\/span>\n\t\t\t<\/li>\n\t\t\t<li class=\"\">\n\t\t\t\t<strong><i class=\"fa fa-envelope\"><\/i>&nbsp;&nbsp;<\/strong>\n\t\t\t\t<span>mehmetbaslar@gmail.com<\/span>\n\t\t\t<\/li>\n\t\t\t<li class=\"\">\n\t\t\t\t<strong><i class=\"fa fa-linkedin\"><\/i>&nbsp;&nbsp;<\/strong>\n\t\t\t\t<span>www.linkedin.com\/in\/mehmet-ba\u015flar<\/span>\n\t\t\t<\/li><\/ul>[\/vc_column_inner][\/vc_row_inner][\/vc_column][\/vc_row][vc_row bg_image=&#8221;179&#8243; el_class=&#8221;fix-bg&#8221;][vc_column width=&#8221;2\/3&#8243;]<h2 class=\"fac-title text-left\" style=\"color:#4b4b4b\">Ofisime beklerim<\/h2>\n[vc_column_text]Beni \u0130stanbul Arel \u00dcniversitesi&#8217;ndeki ofisimde bulabilirsiniz.<br \/>\nHer g\u00fcn 10:00 ile 16:00 saatleri aras\u0131nda ofisimdeyim, ancak \u00f6ncesinde ileti\u015fim kural\u0131m.[\/vc_column_text][\/vc_column][vc_column width=&#8221;1\/3&#8243;]<i class=\"fa fa-coffee \" style=\"color:#96d668;font-size:170px ;display:block;text-align:center\"><\/i>[\/vc_column][\/vc_row][vc_row][vc_column width=&#8221;5\/12&#8243;]<h2 class=\"fac-title text-left\" style=\"color:#4b4b4b\">\u0130leti\u015fim Formu<\/h2>\n[vc_column_text]\u0130leti\u015fim formu \u00fczerinden de irtibata ge\u00e7ebilirsiniz.[\/vc_column_text][\/vc_column][vc_column width=&#8221;1\/12&#8243;][\/vc_column][vc_column width=&#8221;1\/2&#8243;]\n<div class=\"wpcf7 no-js\" id=\"wpcf7-f186-o1\" lang=\"en-US\" dir=\"ltr\">\n<div class=\"screen-reader-response\"><p role=\"status\" aria-live=\"polite\" aria-atomic=\"true\"><\/p> <ul><\/ul><\/div>\n<form action=\"\/index.php?rest_route=%2Fwp%2Fv2%2Fpages%2F506#wpcf7-f186-o1\" method=\"post\" class=\"wpcf7-form init\" aria-label=\"Contact form\" novalidate=\"novalidate\" data-status=\"init\">\n<div style=\"display: none;\">\n<input type=\"hidden\" name=\"_wpcf7\" value=\"186\" \/>\n<input type=\"hidden\" name=\"_wpcf7_version\" value=\"5.9.8\" \/>\n<input type=\"hidden\" name=\"_wpcf7_locale\" value=\"en_US\" \/>\n<input type=\"hidden\" name=\"_wpcf7_unit_tag\" value=\"wpcf7-f186-o1\" \/>\n<input type=\"hidden\" name=\"_wpcf7_container_post\" value=\"0\" \/>\n<input type=\"hidden\" name=\"_wpcf7_posted_data_hash\" value=\"\" \/>\n<\/div>\n<p> \u0130sminiz (girilmesi gerekir)\n<\/p>\n<p><span class=\"wpcf7-form-control-wrap\" data-name=\"your-name\"><input size=\"40\" maxlength=\"400\" class=\"wpcf7-form-control wpcf7-text wpcf7-validates-as-required\" aria-required=\"true\" aria-invalid=\"false\" value=\"\" type=\"text\" name=\"your-name\" \/><\/span>\n<\/p>\n<p> Eposta adresi (girilmesi gerekir)\n<\/p>\n<p><span class=\"wpcf7-form-control-wrap\" data-name=\"your-email\"><input size=\"40\" maxlength=\"400\" class=\"wpcf7-form-control wpcf7-email wpcf7-validates-as-required wpcf7-text wpcf7-validates-as-email\" aria-required=\"true\" aria-invalid=\"false\" value=\"\" type=\"email\" name=\"your-email\" \/><\/span>\n<\/p>\n<p> Konu\n<\/p>\n<p><span class=\"wpcf7-form-control-wrap\" data-name=\"your-subject\"><input size=\"40\" maxlength=\"400\" class=\"wpcf7-form-control wpcf7-text\" aria-invalid=\"false\" value=\"\" type=\"text\" name=\"your-subject\" \/><\/span>\n<\/p>\n<p> Mesaj\u0131n\u0131z\n<\/p>\n<p><span class=\"wpcf7-form-control-wrap\" data-name=\"your-message\"><textarea cols=\"40\" rows=\"3\" maxlength=\"2000\" class=\"wpcf7-form-control wpcf7-textarea\" aria-invalid=\"false\" name=\"your-message\"><\/textarea><\/span>\n<\/p>\n<p><input class=\"wpcf7-form-control wpcf7-submit has-spinner\" type=\"submit\" value=\"G\u00f6nder\" \/>\n<\/p><div class=\"wpcf7-response-output\" aria-hidden=\"true\"><\/div>\n<\/form>\n<\/div>\n[\/vc_column][\/vc_row][vc_row padding=&#8221;0px&#8221;][vc_column][vc_gmaps link=&#8221;#E-8_aHR0cHMlM0ElMkYlMkZ3d3cuZ29vZ2xlLmNvbSUyRm1hcHMlMkZlbWJlZCUzRnBiJTNEJTIxMW0xOCUyMTFtMTIlMjExbTMlMjExZDMwMDguNjcwOTI4MjY5OTY1OCUyMTJkMjguNDk4NTA0MTE0Nzg1MDE4JTIxM2Q0MS4wNTQzMjQ4MjQ1NDAwMSUyMTJtMyUyMTFmMCUyMTJmMCUyMTNmMCUyMTNtMiUyMTFpMTAyNCUyMTJpNzY4JTIxNGYxMy4xJTIxM20zJTIxMW0yJTIxMXMweDE0YjU1Y2Q5ODEyNmEzZTUlMjUzQTB4MmQ0ZjE1ZjMzODc1OTc3OCUyMTJzQXJlbCUyNTIwVW5pdmVyc2l0ZXNpJTI1MjBUZXBla2VudCUyNTIwS2FtcHVzdSUyMTVlMCUyMTNtMiUyMTFzdHIlMjEyc3RyJTIxNHYxNTk1NzUxNzYyNzM4JTIxNW0yJTIxMXN0ciUyMTJzdHIlMjUyMiUyNTIwd2lkdGglM0QlMjUyMjYwMCUyNTIyJTI1MjBoZWlnaHQlM0QlMjUyMjQ1MCUyNTIyJTI1MjBmcmFtZWJvcmRlciUzRCUyNTIyMCUyNTIyJTI1MjBzdHlsZSUzRCUyNTIyYm9yZGVyJTNBMCUzQiUyNTIyJTI1MjBhbGxvd2Z1bGxzY3JlZW4lM0QlMjUyMiUyNTIyJTI1MjBhcmlhLWhpZGRlbiUzRCUyNTIyZmFsc2UlMjUyMiUyNTIwdGFiaW5kZXglM0QlMjUyMjAlMjUyMg==&#8221; size=&#8221;300&#8243; type=&#8221;m&#8221; zoom=&#8221;14&#8243; bubble=&#8221;1&#8243;][\/vc_column][\/vc_row]<\/p>\n","protected":false},"excerpt":{"rendered":"<p>[vc_row][vc_column][vc_row_inner][vc_column_inner width=&#8221;2\/3&#8243;][vc_column_text]Merhabalar, Ara\u015ft\u0131rmalar\u0131n\u0131zda ya da \u015firketiniz i\u00e7in g\u0131da muhafaza, \u0131s\u0131l olmayan g\u0131da muhafaza y\u00f6ntemleri, kurutma veya catering alanlar\u0131nda deste\u011fe ihtiyac\u0131n\u0131z [&hellip;]<\/p>\n","protected":false},"author":1,"featured_media":0,"parent":0,"menu_order":7,"comment_status":"open","ping_status":"closed","template":"page-pagebuilder.php","meta":{"footnotes":""},"_links":{"self":[{"href":"https:\/\/www.mehmetbaslar.com\/index.php?rest_route=\/wp\/v2\/pages\/506"}],"collection":[{"href":"https:\/\/www.mehmetbaslar.com\/index.php?rest_route=\/wp\/v2\/pages"}],"about":[{"href":"https:\/\/www.mehmetbaslar.com\/index.php?rest_route=\/wp\/v2\/types\/page"}],"author":[{"embeddable":true,"href":"https:\/\/www.mehmetbaslar.com\/index.php?rest_route=\/wp\/v2\/users\/1"}],"replies":[{"embeddable":true,"href":"https:\/\/www.mehmetbaslar.com\/index.php?rest_route=%2Fwp%2Fv2%2Fcomments&post=506"}],"version-history":[{"count":10,"href":"https:\/\/www.mehmetbaslar.com\/index.php?rest_route=\/wp\/v2\/pages\/506\/revisions"}],"predecessor-version":[{"id":780,"href":"https:\/\/www.mehmetbaslar.com\/index.php?rest_route=\/wp\/v2\/pages\/506\/revisions\/780"}],"wp:attachment":[{"href":"https:\/\/www.mehmetbaslar.com\/index.php?rest_route=%2Fwp%2Fv2%2Fmedia&parent=506"}],"curies":[{"name":"wp","href":"https:\/\/api.w.org\/{rel}","templated":true}]}}