{"id":516,"date":"2013-12-03T22:42:52","date_gmt":"2013-12-03T20:42:52","guid":{"rendered":"http:\/\/localhost\/wp-faculty\/?page_id=32"},"modified":"2023-10-29T09:17:50","modified_gmt":"2023-10-29T07:17:50","slug":"research","status":"publish","type":"page","link":"https:\/\/www.mehmetbaslar.com\/?page_id=516","title":{"rendered":"Ara\u015ft\u0131rma"},"content":{"rendered":"<p>[vc_row][vc_column]<h1 class=\"fac-big-title fac-title text-left\" style=\"color:#4b4b4b\">Ara\u015ft\u0131rma<\/h1>\n[vc_row_inner][vc_column_inner width=&#8221;2\/3&#8243;][vc_column_text]&#8221;G\u0131dalar\u0131n daha elveri\u015fli \u015fartlarda, daha kaliteli ve daha ekonomik olarak \u00fcretilmesi m\u00fcmk\u00fcn m\u00fc?&#8221; Bu soruya etik ilkeler ve insan sa\u011fl\u0131\u011f\u0131na etkileri perspektifinden yan\u0131t arayacak \u015fekilde mevcut g\u0131da i\u015fleme ve g\u0131da muhafaza y\u00f6ntemlerinde iyile\u015ftirmelerin yap\u0131lmas\u0131 ya da yeni y\u00f6ntemlerin prosese entegre edilmesi temel ara\u015ft\u0131rma konumdur. Bu ba\u011flamda Ultrason, Ultraviyole gibi i\u015flemler ba\u015fta olmak \u00fczere Modern G\u0131da Muhafaza Y\u00f6ntemlerini tercih etmekteyim.<\/p>\n<p>&#8220;Haz\u0131r Yemek Teknolojisinde sekt\u00f6re \u00f6nc\u00fc olman\u0131n yan\u0131 s\u0131ra g\u0131da g\u00fcvenli\u011fini ve insan beslenmesini en iyi \u015fekilde koruyacak g\u0131da teknolojileri nelerdir?&#8221; Bu soruya y\u00f6nelik proje, bilimsel ara\u015ft\u0131rma, dan\u0131\u015fmanl\u0131k ve e\u011fitim hizmetlerine duyulan ihtiya\u00e7 sekt\u00f6rde \u00e7ok a\u00e7\u0131k bir \u015fekilde hissedilmektedir. Akademik yakla\u015f\u0131m ve sekt\u00f6rel tecr\u00fcbe ile Catering (Haz\u0131r Yemek) Teknoloji alan\u0131na hizmet sunuyorum.<\/p>\n<p>B\u00fcy\u00fck a\u00e7\u0131\u011f\u0131n bulundu\u011fu ve olduk\u00e7a ekonomik \u00f6neme sahip olan &#8220;Kurutma Teknolojisinde inovatif g\u0131dalar\u0131n \u00fcretilmesi, yeni y\u00f6ntemlerin geli\u015ftirilmesi, kalitenin art\u0131r\u0131lmas\u0131&#8221; konusu da \u00f6ncelikli ilgi alanlar\u0131m aras\u0131ndad\u0131r.[\/vc_column_text][\/vc_column_inner][vc_column_inner width=&#8221;1\/3&#8243;]<h3 class=\"fac-title text-center\" style=\"color:#4b4b4b\">Ara\u015ft\u0131rma Konular\u0131<\/h3>\n<ul class=\"ul-boxed list-unstyled\"><li class=\"\">Ultrason Teknolojisi<\/li><li class=\"\">Ultraviyole Teknolojisi<\/li><li class=\"\">Kurutma Teknolojisi<\/li><li class=\"\">G\u0131da Muhafaza Y\u00f6ntemleri<\/li><li class=\"\">Haz\u0131r Yemek Teknolojisi (Catering)<\/li><\/ul>[\/vc_column_inner][\/vc_row_inner][\/vc_column][\/vc_row]<\/p>\n","protected":false},"excerpt":{"rendered":"<p>[vc_row][vc_column][vc_row_inner][vc_column_inner width=&#8221;2\/3&#8243;][vc_column_text]&#8221;G\u0131dalar\u0131n daha elveri\u015fli \u015fartlarda, daha kaliteli ve daha ekonomik olarak \u00fcretilmesi m\u00fcmk\u00fcn m\u00fc?&#8221; Bu soruya etik ilkeler ve insan [&hellip;]<\/p>\n","protected":false},"author":1,"featured_media":0,"parent":0,"menu_order":1,"comment_status":"open","ping_status":"closed","template":"page-pagebuilder.php","meta":{"footnotes":""},"_links":{"self":[{"href":"https:\/\/www.mehmetbaslar.com\/index.php?rest_route=\/wp\/v2\/pages\/516"}],"collection":[{"href":"https:\/\/www.mehmetbaslar.com\/index.php?rest_route=\/wp\/v2\/pages"}],"about":[{"href":"https:\/\/www.mehmetbaslar.com\/index.php?rest_route=\/wp\/v2\/types\/page"}],"author":[{"embeddable":true,"href":"https:\/\/www.mehmetbaslar.com\/index.php?rest_route=\/wp\/v2\/users\/1"}],"replies":[{"embeddable":true,"href":"https:\/\/www.mehmetbaslar.com\/index.php?rest_route=%2Fwp%2Fv2%2Fcomments&post=516"}],"version-history":[{"count":30,"href":"https:\/\/www.mehmetbaslar.com\/index.php?rest_route=\/wp\/v2\/pages\/516\/revisions"}],"predecessor-version":[{"id":821,"href":"https:\/\/www.mehmetbaslar.com\/index.php?rest_route=\/wp\/v2\/pages\/516\/revisions\/821"}],"wp:attachment":[{"href":"https:\/\/www.mehmetbaslar.com\/index.php?rest_route=%2Fwp%2Fv2%2Fmedia&parent=516"}],"curies":[{"name":"wp","href":"https:\/\/api.w.org\/{rel}","templated":true}]}}